{"id":2675,"date":"2017-08-11T04:13:39","date_gmt":"2017-08-11T04:13:39","guid":{"rendered":"https:\/\/www.banumogulkoc.com\/?page_id=2675"},"modified":"2023-06-17T06:13:10","modified_gmt":"2023-06-17T06:13:10","slug":"contact","status":"publish","type":"page","link":"https:\/\/www.banumogulkoc.com\/en\/contact\/","title":{"rendered":"Contact"},"content":{"rendered":"<p>[vc_row][vc_column width=&#8221;1\/2&#8243; css=&#8221;.vc_custom_1502429036034{padding-right: 25px !important;}&#8221;][vc_custom_heading text=&#8221;Hello&#8221; font_container=&#8221;tag:h2|font_size:50px|text_align:left&#8221; google_fonts=&#8221;font_family:Cabin%3Aregular%2Citalic%2C500%2C500italic%2C600%2C600italic%2C700%2C700italic|font_style:700%20bold%20regular%3A700%3Anormal&#8221;][vc_custom_heading text=&#8221;For special designs<br \/>\nplease contact.&#8221; font_container=&#8221;tag:p|font_size:17px|text_align:left&#8221; google_fonts=&#8221;font_family:Lora%3Aregular%2Citalic%2C700%2C700italic|font_style:400%20regular%3A400%3Anormal&#8221;][vc_column_text]<div class=\"contact-wrap\"><div class=\"contact-info\"  rifl-list-69f62989efc44\"><\/div><\/div><div class=\"contact-item\"><span class=\"contact-label\">Address<\/span> <p>Simon Bolivar Bulvar\u0131 \u00c7ankaya Ankara - T\u00fcrkiye<\/p><\/div><br \/>\n<div class=\"contact-item\"><span class=\"contact-label\">Email<\/span> <p><a href=\"mailto:info@banumogulkoc.com\">info@banumogulkoc.com<\/a><\/p><\/div><br \/>\n<div class=\"contact-item\"><span class=\"contact-label\">Phone<\/span> <p><a href=\"tel:+905327626226\">+90 532 762 62 26<\/a><\/p><\/div>[\/vc_column_text][\/vc_column][vc_column width=&#8221;1\/2&#8243;]<div class=\"rifl-contact-form rifl-contact-69f62989eff15\">\n<div class=\"wpcf7 no-js\" id=\"wpcf7-f2679-o1\" lang=\"en-US\" dir=\"ltr\">\n<div class=\"screen-reader-response\"><p role=\"status\" aria-live=\"polite\" aria-atomic=\"true\"><\/p> <ul><\/ul><\/div>\n<form action=\"\/en\/wp-json\/wp\/v2\/pages\/2675#wpcf7-f2679-o1\" method=\"post\" class=\"wpcf7-form init\" aria-label=\"Contact form\" novalidate=\"novalidate\" data-status=\"init\">\n<div style=\"display: none;\">\n<input type=\"hidden\" name=\"_wpcf7\" value=\"2679\" \/>\n<input type=\"hidden\" name=\"_wpcf7_version\" value=\"5.9.6\" \/>\n<input type=\"hidden\" name=\"_wpcf7_locale\" value=\"en_US\" \/>\n<input type=\"hidden\" name=\"_wpcf7_unit_tag\" value=\"wpcf7-f2679-o1\" \/>\n<input type=\"hidden\" name=\"_wpcf7_container_post\" value=\"0\" \/>\n<input type=\"hidden\" name=\"_wpcf7_posted_data_hash\" value=\"\" \/>\n<\/div>\n<div class=\"contact-form\">\n\t<div class=\"row\">\n\t\t<div class=\"col-md-12 col-sm-12\">\n\t\t\t<p><label> Full Name <\/label><br \/>\n<span class=\"wpcf7-form-control-wrap\" data-name=\"your-name\"><input size=\"40\" maxlength=\"80\" class=\"wpcf7-form-control wpcf7-text wpcf7-validates-as-required\" aria-required=\"true\" aria-invalid=\"false\" value=\"\" type=\"text\" name=\"your-name\" \/><\/span>\n\t\t\t<\/p>\n\t\t<\/div>\n\t\t<div class=\"col-md-12 col-sm-12\">\n\t\t\t<p><label> Email Address <\/label><br \/>\n<span class=\"wpcf7-form-control-wrap\" data-name=\"your-email\"><input size=\"40\" maxlength=\"80\" class=\"wpcf7-form-control wpcf7-email wpcf7-validates-as-required wpcf7-text wpcf7-validates-as-email\" aria-required=\"true\" aria-invalid=\"false\" value=\"\" type=\"email\" name=\"your-email\" \/><\/span>\n\t\t\t<\/p>\n\t\t<\/div>\n\t\t<div class=\"col-md-12 col-sm-12\">\n\t\t\t<p><label> Phone Number <\/label><br \/>\n<span class=\"wpcf7-form-control-wrap\" data-name=\"your-phone\"><input size=\"40\" maxlength=\"80\" class=\"wpcf7-form-control wpcf7-tel wpcf7-validates-as-required wpcf7-text wpcf7-validates-as-tel\" aria-required=\"true\" aria-invalid=\"false\" value=\"\" type=\"tel\" name=\"your-phone\" \/><\/span>\n\t\t\t<\/p>\n\t\t<\/div>\n\t\t<div class=\"col-md-12 col-sm-12\">\n\t\t\t<p><label> Leave a Message <\/label><br \/>\n<span class=\"wpcf7-form-control-wrap\" data-name=\"your-message\"><textarea cols=\"40\" rows=\"10\" maxlength=\"400\" class=\"wpcf7-form-control wpcf7-textarea wpcf7-validates-as-required\" aria-required=\"true\" aria-invalid=\"false\" name=\"your-message\"><\/textarea><\/span>\n\t\t\t<\/p>\n\t\t<\/div>\n\t\t<div class=\"col-md-12 col-sm-12\">\n\t\t\t<p><input class=\"wpcf7-form-control wpcf7-submit has-spinner\" type=\"submit\" value=\"SUBMIT\" \/>\n\t\t\t<\/p>\n\t\t<\/div>\n\t<\/div>\n<\/div><div class=\"wpcf7-response-output\" aria-hidden=\"true\"><\/div>\n<\/form>\n<\/div>\n<\/div>[\/vc_column][\/vc_row]<\/p>\n","protected":false},"excerpt":{"rendered":"[vc_row][vc_column width=&#8221;1\/2&#8243; css=&#8221;.vc_custom_1502429036034{padding-right: 25px !important;}&#8221;][vc_custom_heading text=&#8221;Hello&#8221; font_container=&#8221;tag:h2|font_size:50px|text_align:left&#8221; google_fonts=&#8221;font_family:Cabin%3Aregular%2Citalic%2C500%2C500italic%2C600%2C600italic%2C700%2C700italic|font_style:700%20bold%20regular%3A700%3Anormal&#8221;][vc_custom_heading text=&#8221;For special designs please contact.&#8221; font_container=&#8221;tag:p|font_size:17px|text_align:left&#8221; google_fonts=&#8221;font_family:Lora%3Aregular%2Citalic%2C700%2C700italic|font_style:400%20regular%3A400%3Anormal&#8221;][vc_column_text] [\/vc_column_text][\/vc_column][vc_column width=&#8221;1\/2&#8243;][\/vc_column][\/vc_row]","protected":false},"author":2,"featured_media":0,"parent":0,"menu_order":0,"comment_status":"closed","ping_status":"closed","template":"","meta":{"_aioseop_title":"","_aioseop_description":"","footnotes":""},"yoast_head":"<!-- This site is optimized with the Yoast SEO plugin v22.9 - https:\/\/yoast.com\/wordpress\/plugins\/seo\/ -->\n<title>Contact - Banu Mo\u011fulko\u00e7<\/title>\n<meta name=\"robots\" content=\"index, follow, max-snippet:-1, max-image-preview:large, max-video-preview:-1\" \/>\n<link rel=\"canonical\" href=\"https:\/\/www.banumogulkoc.com\/en\/contact\/\" \/>\n<meta property=\"og:locale\" content=\"en_US\" \/>\n<meta property=\"og:type\" content=\"article\" \/>\n<meta property=\"og:title\" content=\"Contact - Banu Mo\u011fulko\u00e7\" \/>\n<meta property=\"og:description\" content=\"[vc_row][vc_column width=&#8221;1\/2&#8243; css=&#8221;.vc_custom_1502429036034{padding-right: 25px !important;}&#8221;][vc_custom_heading text=&#8221;Hello&#8221; font_container=&#8221;tag:h2|font_size:50px|text_align:left&#8221; google_fonts=&#8221;font_family:Cabin%3Aregular%2Citalic%2C500%2C500italic%2C600%2C600italic%2C700%2C700italic|font_style:700%20bold%20regular%3A700%3Anormal&#8221;][vc_custom_heading text=&#8221;For special designs please contact.&#8221; font_container=&#8221;tag:p|font_size:17px|text_align:left&#8221; google_fonts=&#8221;font_family:Lora%3Aregular%2Citalic%2C700%2C700italic|font_style:400%20regular%3A400%3Anormal&#8221;][vc_column_text] [\/vc_column_text][\/vc_column][vc_column width=&#8221;1\/2&#8243;][\/vc_column][\/vc_row]\" \/>\n<meta property=\"og:url\" content=\"https:\/\/www.banumogulkoc.com\/en\/contact\/\" \/>\n<meta property=\"og:site_name\" content=\"Banu Mo\u011fulko\u00e7\" \/>\n<meta property=\"article:modified_time\" content=\"2023-06-17T06:13:10+00:00\" \/>\n<meta name=\"twitter:card\" content=\"summary_large_image\" \/>\n<meta name=\"twitter:label1\" content=\"Est. reading time\" \/>\n\t<meta name=\"twitter:data1\" content=\"1 minute\" \/>\n<script type=\"application\/ld+json\" class=\"yoast-schema-graph\">{\"@context\":\"https:\/\/schema.org\",\"@graph\":[{\"@type\":\"WebPage\",\"@id\":\"https:\/\/www.banumogulkoc.com\/en\/contact\/\",\"url\":\"https:\/\/www.banumogulkoc.com\/en\/contact\/\",\"name\":\"Contact - Banu Mo\u011fulko\u00e7\",\"isPartOf\":{\"@id\":\"https:\/\/www.banumogulkoc.com\/#website\"},\"datePublished\":\"2017-08-11T04:13:39+00:00\",\"dateModified\":\"2023-06-17T06:13:10+00:00\",\"breadcrumb\":{\"@id\":\"https:\/\/www.banumogulkoc.com\/en\/contact\/#breadcrumb\"},\"inLanguage\":\"en-US\",\"potentialAction\":[{\"@type\":\"ReadAction\",\"target\":[\"https:\/\/www.banumogulkoc.com\/en\/contact\/\"]}]},{\"@type\":\"BreadcrumbList\",\"@id\":\"https:\/\/www.banumogulkoc.com\/en\/contact\/#breadcrumb\",\"itemListElement\":[{\"@type\":\"ListItem\",\"position\":1,\"name\":\"Anasayfa\",\"item\":\"https:\/\/www.banumogulkoc.com\/en\/\"},{\"@type\":\"ListItem\",\"position\":2,\"name\":\"Contact\"}]},{\"@type\":\"WebSite\",\"@id\":\"https:\/\/www.banumogulkoc.com\/#website\",\"url\":\"https:\/\/www.banumogulkoc.com\/\",\"name\":\"Banu Mo\u011fulko\u00e7\",\"description\":\"En \u0130yi Tasar\u0131m \u00d6zel Tasar\u0131m\",\"potentialAction\":[{\"@type\":\"SearchAction\",\"target\":{\"@type\":\"EntryPoint\",\"urlTemplate\":\"https:\/\/www.banumogulkoc.com\/?s={search_term_string}\"},\"query-input\":\"required name=search_term_string\"}],\"inLanguage\":\"en-US\"}]}<\/script>\n<!-- \/ Yoast SEO plugin. -->","yoast_head_json":{"title":"Contact - Banu Mo\u011fulko\u00e7","robots":{"index":"index","follow":"follow","max-snippet":"max-snippet:-1","max-image-preview":"max-image-preview:large","max-video-preview":"max-video-preview:-1"},"canonical":"https:\/\/www.banumogulkoc.com\/en\/contact\/","og_locale":"en_US","og_type":"article","og_title":"Contact - Banu Mo\u011fulko\u00e7","og_description":"[vc_row][vc_column width=&#8221;1\/2&#8243; css=&#8221;.vc_custom_1502429036034{padding-right: 25px !important;}&#8221;][vc_custom_heading text=&#8221;Hello&#8221; font_container=&#8221;tag:h2|font_size:50px|text_align:left&#8221; google_fonts=&#8221;font_family:Cabin%3Aregular%2Citalic%2C500%2C500italic%2C600%2C600italic%2C700%2C700italic|font_style:700%20bold%20regular%3A700%3Anormal&#8221;][vc_custom_heading text=&#8221;For special designs please contact.&#8221; font_container=&#8221;tag:p|font_size:17px|text_align:left&#8221; google_fonts=&#8221;font_family:Lora%3Aregular%2Citalic%2C700%2C700italic|font_style:400%20regular%3A400%3Anormal&#8221;][vc_column_text] [\/vc_column_text][\/vc_column][vc_column width=&#8221;1\/2&#8243;][\/vc_column][\/vc_row]","og_url":"https:\/\/www.banumogulkoc.com\/en\/contact\/","og_site_name":"Banu Mo\u011fulko\u00e7","article_modified_time":"2023-06-17T06:13:10+00:00","twitter_card":"summary_large_image","twitter_misc":{"Est. reading time":"1 minute"},"schema":{"@context":"https:\/\/schema.org","@graph":[{"@type":"WebPage","@id":"https:\/\/www.banumogulkoc.com\/en\/contact\/","url":"https:\/\/www.banumogulkoc.com\/en\/contact\/","name":"Contact - Banu Mo\u011fulko\u00e7","isPartOf":{"@id":"https:\/\/www.banumogulkoc.com\/#website"},"datePublished":"2017-08-11T04:13:39+00:00","dateModified":"2023-06-17T06:13:10+00:00","breadcrumb":{"@id":"https:\/\/www.banumogulkoc.com\/en\/contact\/#breadcrumb"},"inLanguage":"en-US","potentialAction":[{"@type":"ReadAction","target":["https:\/\/www.banumogulkoc.com\/en\/contact\/"]}]},{"@type":"BreadcrumbList","@id":"https:\/\/www.banumogulkoc.com\/en\/contact\/#breadcrumb","itemListElement":[{"@type":"ListItem","position":1,"name":"Anasayfa","item":"https:\/\/www.banumogulkoc.com\/en\/"},{"@type":"ListItem","position":2,"name":"Contact"}]},{"@type":"WebSite","@id":"https:\/\/www.banumogulkoc.com\/#website","url":"https:\/\/www.banumogulkoc.com\/","name":"Banu Mo\u011fulko\u00e7","description":"En \u0130yi Tasar\u0131m \u00d6zel Tasar\u0131m","potentialAction":[{"@type":"SearchAction","target":{"@type":"EntryPoint","urlTemplate":"https:\/\/www.banumogulkoc.com\/?s={search_term_string}"},"query-input":"required name=search_term_string"}],"inLanguage":"en-US"}]}},"_links":{"self":[{"href":"https:\/\/www.banumogulkoc.com\/en\/wp-json\/wp\/v2\/pages\/2675"}],"collection":[{"href":"https:\/\/www.banumogulkoc.com\/en\/wp-json\/wp\/v2\/pages"}],"about":[{"href":"https:\/\/www.banumogulkoc.com\/en\/wp-json\/wp\/v2\/types\/page"}],"author":[{"embeddable":true,"href":"https:\/\/www.banumogulkoc.com\/en\/wp-json\/wp\/v2\/users\/2"}],"replies":[{"embeddable":true,"href":"https:\/\/www.banumogulkoc.com\/en\/wp-json\/wp\/v2\/comments?post=2675"}],"version-history":[{"count":4,"href":"https:\/\/www.banumogulkoc.com\/en\/wp-json\/wp\/v2\/pages\/2675\/revisions"}],"predecessor-version":[{"id":2680,"href":"https:\/\/www.banumogulkoc.com\/en\/wp-json\/wp\/v2\/pages\/2675\/revisions\/2680"}],"wp:attachment":[{"href":"https:\/\/www.banumogulkoc.com\/en\/wp-json\/wp\/v2\/media?parent=2675"}],"curies":[{"name":"wp","href":"https:\/\/api.w.org\/{rel}","templated":true}]}}